{"id":525,"date":"2022-03-15T21:24:20","date_gmt":"2022-03-15T20:24:20","guid":{"rendered":"http:\/\/nagaprod.com\/?page_id=525"},"modified":"2022-09-22T16:46:11","modified_gmt":"2022-09-22T14:46:11","slug":"actualites","status":"publish","type":"page","link":"https:\/\/nagaprod.com\/index.php\/actualites\/","title":{"rendered":"Agenda"},"content":{"rendered":"<h2>Ev\u00e9nements \u00e0 venir<\/h2>\n<p>\/\/ 2022 \/\/<\/p>\n<p>* Du 4 juin au 31 ao\u00fbt: Les Estivales de la Petite Brasse, Parc du Poutyl, Olivet (45)<\/p>\n<p>Pluis de d\u00e9tails sur:<\/p>\n<p>\u00b0<a href=\"https:\/\/www.facebook.com\/events\/552365496338921\/552365513005586\">Programmation \u00e9v\u00e9nement Facebook<\/a><\/p>\n<p>\u00b0<a href=\"https:\/\/www.clodelle45autrement.fr\/2022\/05\/les-estivales-de-la-petite-brasse-a-olivet-musique-magie-contes-marionnettes-et-conference-4-juin-au-24-aout-2022-gratuit.html?fbclid=IwAR2xQ7-2qW1fXmEjPE6-iDtlr6jNti7qHaSvQnSr5oYKuaHULwMT2INO4mw\">Article Les Estivales <\/a><\/p>\n<p>* 17 juillet: AGiA @ Oratoire Germiny des Pr\u00e8s (45)<\/p>\n<p>* 17 septembre : AGiA @ Festival de L&#8217;Automne, Chaumont\/Tharonne (41)<\/p>\n<p>\/\/ 2023 \/\/<\/p>\n<p>* Janvier : R\u00e9sidence cr\u00e9ation NA\u00cfAD @ La Ruche (45)<\/p>\n<p>* Janvier : enregistrement album NA\u00cfAD @ Black Box (49)<\/p>\n<p>* 6 F\u00e9vrier : &#8220;Chante pour lui&#8221; @ Saison culturelle St Jean de Braye (45)<\/p>\n<p>* Mars : &#8220;Chante pour lui&#8221; (scolaire + publique) @ Saison&nbsp; Jean de la Ruelle (45)<\/p>\n<p>* 2 au 9 mai : R\u00e9sidence cr\u00e9ation NA\u00cfAD @ Centre Culturel St Jean de Braye (45)<\/p>\n<p>* 9 mai : Avant-premi\u00e8re spectacle NA\u00cfAD &#8211; r\u00e9serv\u00e9e aux professionnels<\/p>\n<p>* SORTIE LIVRE &#8211; ALBUM de NA\u00cfAD<\/p>\n<p>* 16 mai:&nbsp; NA\u00cfAD @ La Passerelle (Fleury les Aubrais)<\/p>\n<h2>Ev\u00e9nements pass\u00e9s<\/h2>\n<p>\/\/ 2022 \/\/<\/p>\n<p>* 27 mai: K-ubik @ Live \u00e0 la Demeure, Orl\u00e9ans (45)<\/p>\n<p>* 6 mai: pr\u00e9sentation \u00e9tape de travail NA\u00cfAD &#8211; 14h30: scolaire &#8211; 19h30: publique<\/p>\n<p>* 25 au 27 avril : R\u00e9sidence de cr\u00e9ation NA\u00cfAD @ Th\u00e9\u00e2tre G\u00e9rard Philipe, Orl\u00e9ans (45)<\/p>\n<p>* 26 mars : Intervention p\u00e9dagogique NA\u00cfAD @ Conservatoire Olivet (45)<\/p>\n<p>* 14 au 18 mars: R\u00e9sidence cr\u00e9ation NA\u00cfAD + intervention p\u00e9dagogique @ Maison de B\u00e9gon (41)<\/p>\n<p>* 11 mars : concert hommage \u00e0 Joni Mitchell &#8220;shadows and light&#8221; @ Upaya (45)<\/p>\n<p>* 10 mars : concert hommage \u00e0 Joni Mitchell &#8220;shadows and light&#8221; @ la Petite Ferme (45)<\/p>\n<p>* 7 janvier : sortie physique et num\u00e9rique de l&#8217;album &#8220;Illusion of Time&#8221; de K-UBIK<\/p>\n<p>\/\/ 2021 \/\/<\/p>\n<p>* 17 d\u00e9cembre : Release party K-ubik @ l&#8217;Argonaute (Orl\u00e9ans-45)<\/p>\n<p>* 9 d\u00e9cembre : &#8220;Chante pour lui&#8221; @ Centre Culturel de St Pierre des Corps (37)<\/p>\n<p>* 4 d\u00e9cembre : 1 \u00e8re de &#8220;Chante pour lui&#8221; @ Festival Enracinement D\u00e9racinement (Orl\u00e9ans)<\/p>\n<p>* 24 novembre : intervention p\u00e9dagogique de &#8220;Chante pour lui&#8221; @ coll\u00e8ge Jacques Decour &#8211; St Pierre des Corps (37)<\/p>\n<p>* 25\/26\/27 Octobre : Workshop hip hop en partenariat avec l&#8217;Astrolabe (45) @ Mus\u00e9e des Beaux Arts d&#8217;Orl\u00e9ans<\/p>\n<p>* 24 au 28 septembre : R\u00e9sidence de cr\u00e9ation de &#8220;Chante pour lui&#8221; @ L&#8217;Alliage, Olivet (45)<\/p>\n","protected":false},"excerpt":{"rendered":"<p>Ev\u00e9nements \u00e0 venir \/\/ 2022 \/\/ * Du 4 juin au 31 ao\u00fbt: Les Estivales de la Petite Brasse, Parc du Poutyl, Olivet (45) Pluis de d\u00e9tails sur: \u00b0Programmation \u00e9v\u00e9nement Facebook \u00b0Article Les Estivales * 17 juillet: AGiA @ Oratoire Germiny des Pr\u00e8s (45) * 17 septembre : AGiA @ Festival de L&#8217;Automne, Chaumont\/Tharonne (41)&hellip; <a class=\"more-link\" href=\"https:\/\/nagaprod.com\/index.php\/actualites\/\">Continue reading <span class=\"screen-reader-text\">Agenda<\/span><\/a><\/p>\n","protected":false},"author":1,"featured_media":0,"parent":0,"menu_order":0,"comment_status":"closed","ping_status":"closed","template":"","meta":{"om_disable_all_campaigns":false,"_monsterinsights_skip_tracking":false,"_monsterinsights_sitenote_active":false,"_monsterinsights_sitenote_note":"","_monsterinsights_sitenote_category":0,"footnotes":""},"class_list":["post-525","page","type-page","status-publish","hentry","entry"],"aioseo_notices":[],"_links":{"self":[{"href":"https:\/\/nagaprod.com\/index.php\/wp-json\/wp\/v2\/pages\/525","targetHints":{"allow":["GET"]}}],"collection":[{"href":"https:\/\/nagaprod.com\/index.php\/wp-json\/wp\/v2\/pages"}],"about":[{"href":"https:\/\/nagaprod.com\/index.php\/wp-json\/wp\/v2\/types\/page"}],"author":[{"embeddable":true,"href":"https:\/\/nagaprod.com\/index.php\/wp-json\/wp\/v2\/users\/1"}],"replies":[{"embeddable":true,"href":"https:\/\/nagaprod.com\/index.php\/wp-json\/wp\/v2\/comments?post=525"}],"version-history":[{"count":60,"href":"https:\/\/nagaprod.com\/index.php\/wp-json\/wp\/v2\/pages\/525\/revisions"}],"predecessor-version":[{"id":643,"href":"https:\/\/nagaprod.com\/index.php\/wp-json\/wp\/v2\/pages\/525\/revisions\/643"}],"wp:attachment":[{"href":"https:\/\/nagaprod.com\/index.php\/wp-json\/wp\/v2\/media?parent=525"}],"curies":[{"name":"wp","href":"https:\/\/api.w.org\/{rel}","templated":true}]}}