{"id":32,"date":"2021-10-28T18:53:11","date_gmt":"2021-10-28T16:53:11","guid":{"rendered":"http:\/\/nagaprod.com\/?page_id=32"},"modified":"2022-09-22T21:18:38","modified_gmt":"2022-09-22T19:18:38","slug":"presentation","status":"publish","type":"page","link":"https:\/\/nagaprod.com\/index.php\/presentation\/","title":{"rendered":"Pr\u00e9sentation"},"content":{"rendered":"\t\t<div data-elementor-type=\"wp-page\" data-elementor-id=\"32\" class=\"elementor elementor-32\" data-elementor-post-type=\"page\">\n\t\t\t\t\t\t<section class=\"elementor-section elementor-top-section elementor-element elementor-element-d3eb2a9 elementor-section-boxed elementor-section-height-default elementor-section-height-default\" data-id=\"d3eb2a9\" data-element_type=\"section\" data-e-type=\"section\">\n\t\t\t\t\t\t<div class=\"elementor-container elementor-column-gap-default\">\n\t\t\t\t\t<div class=\"elementor-column elementor-col-100 elementor-top-column elementor-element elementor-element-d231ac4\" data-id=\"d231ac4\" data-element_type=\"column\" data-e-type=\"column\">\n\t\t\t<div class=\"elementor-widget-wrap elementor-element-populated\">\n\t\t\t\t\t\t<div class=\"elementor-element elementor-element-6cf9222 elementor-widget elementor-widget-text-editor\" data-id=\"6cf9222\" data-element_type=\"widget\" data-e-type=\"widget\" data-widget_type=\"text-editor.default\">\n\t\t\t\t<div class=\"elementor-widget-container\">\n\t\t\t\t\t\t\t\t\t<p style=\"text-align: center;\"><strong>PRODUCTION et CREATION<\/strong><\/p><p>\u00a0<\/p><p>Cette jeune et tr\u00e8s dynamique structure orl\u00e9anaise pr\u00e9sente diff\u00e9rents projets orient\u00e9s sur les musiques jazz et musique du monde avec une ouverture sur les autres disciplines artistiques.\u00a0<\/p><p>Elle s&#8217;associe \u00e0 diff\u00e9rents acteurs culturels pour aider \u00e0 la cr\u00e9ation<\/p><p>et \u00e0 la direction artistique de projets de la R\u00e9gion Centre tels que :<\/p><ul><li style=\"list-style-type: none;\"><ul><li>Chante pour lui &#8211; Spectacle Po\u00e9tique<\/li><li>NA\u00cfAD\u00a0 &#8211; Concert cont\u00e9 Jazz World<\/li><li>K-UBIK\u00a0 &#8211; Jazz Fusion<\/li><li>TANAFAS \u00a0&#8211; Fusion Ethnique<\/li><li>Quartet &#8216;Hommage \u00e0 Joni Mitchell&#8217; &#8211; Jazz moderne<\/li><li>AGIA\u00a0 &#8211;\u00a0 Jazz Pop<\/li><\/ul><\/li><\/ul><p>Ces cr\u00e9ations ont en commun de puiser leurs influences musicales dans le jazz, les musiques improvis\u00e9es et les musiques du monde .\u00a0<\/p><p>Les projets de N\u0101ga Prod refl\u00e8tent l&#8217;audace de ses artistes qui aiment \u00e0 s&#8217;aventurer hors des sentiers battus.\u00a0<\/p><p>Ils sont une rencontre originale aux fronti\u00e8res des arts vivants et visuels (musique, po\u00e9sie, vid\u00e9o, illustration, mouvement, <span style=\"font-size: var(--global--font-size-base);\">sound design&#8230;).<\/span><\/p>\t\t\t\t\t\t\t\t<\/div>\n\t\t\t\t<\/div>\n\t\t\t\t\t<\/div>\n\t\t<\/div>\n\t\t\t\t\t<\/div>\n\t\t<\/section>\n\t\t\t\t<section class=\"elementor-section elementor-top-section elementor-element elementor-element-d0bb70f elementor-section-boxed elementor-section-height-default elementor-section-height-default\" data-id=\"d0bb70f\" data-element_type=\"section\" data-e-type=\"section\">\n\t\t\t\t\t\t<div class=\"elementor-container elementor-column-gap-default\">\n\t\t\t\t\t<div class=\"elementor-column elementor-col-100 elementor-top-column elementor-element elementor-element-4e9074a\" data-id=\"4e9074a\" data-element_type=\"column\" data-e-type=\"column\">\n\t\t\t<div class=\"elementor-widget-wrap elementor-element-populated\">\n\t\t\t\t\t\t<div class=\"elementor-element elementor-element-fd3abfa elementor-widget elementor-widget-spacer\" data-id=\"fd3abfa\" data-element_type=\"widget\" data-e-type=\"widget\" data-widget_type=\"spacer.default\">\n\t\t\t\t<div class=\"elementor-widget-container\">\n\t\t\t\t\t\t\t<div class=\"elementor-spacer\">\n\t\t\t<div class=\"elementor-spacer-inner\"><\/div>\n\t\t<\/div>\n\t\t\t\t\t\t<\/div>\n\t\t\t\t<\/div>\n\t\t\t\t<div class=\"elementor-element elementor-element-f9fb4f9 elementor-widget elementor-widget-text-editor\" data-id=\"f9fb4f9\" data-element_type=\"widget\" data-e-type=\"widget\" data-widget_type=\"text-editor.default\">\n\t\t\t\t<div class=\"elementor-widget-container\">\n\t\t\t\t\t\t\t\t\t<p style=\"text-align: center;\"><strong>TRANSMISSION<\/strong><\/p><p>\u00a0<\/p><p>N\u0101ga Prod <span style=\"font-size: var(--global--font-size-base);\">attache <\/span><span style=\"font-size: var(--global--font-size-base);\">\u00e9galement une grande importance \u00e0 la transmission.<\/span><\/p><p>Forte de\u00a0l&#8217;exp\u00e9rience de ses cr\u00e9ateurs et intervenants dans ce domaine, elle d\u00e9veloppe tout un volet p\u00e9dagogique.<\/p><p>Dans le cadre de projets innovants, elle met en place des interventions p\u00e9dagogiques, de m\u00e9diation culturelle vari\u00e9s<\/p><p>et adapt\u00e9s \u00e0 ses publics.<\/p><p>Elle collabore et initie des projets p\u00e9dagogiques d&#8217;envergure<\/p><p>avec des structures telles que\u00a0<span style=\"font-size: var(--global--font-size-base);\">l&#8217;Astrolabe (SMAC &#8211; Orl\u00e9ans, 45), l&#8217;UCEM45, les conservatoires et \u00e9coles de musiques actuelles de la R\u00e9gion Centre Val de Loire ainsi qu&#8217;avec\u00a0<\/span><span style=\"font-size: var(--global--font-size-base);\">les \u00e9coles primaires et coll\u00e8ges<\/span><span style=\"font-size: var(--global--font-size-base);\">.\u00a0<\/span><\/p><p><span style=\"font-size: var(--global--font-size-base);\">Elle s&#8217;attache particuli\u00e8rement \u00e0 f\u00e9d\u00e9rer \u00e0 la fois les publics mais \u00e9galement les structures en cr\u00e9ant des passerelles entre les disciplines et les diff\u00e9rents secteurs et acteurs du territoire.<\/span><\/p>\t\t\t\t\t\t\t\t<\/div>\n\t\t\t\t<\/div>\n\t\t\t\t\t<\/div>\n\t\t<\/div>\n\t\t\t\t\t<\/div>\n\t\t<\/section>\n\t\t\t\t<section class=\"elementor-section elementor-top-section elementor-element elementor-element-0a2f488 elementor-section-boxed elementor-section-height-default elementor-section-height-default\" data-id=\"0a2f488\" data-element_type=\"section\" data-e-type=\"section\">\n\t\t\t\t\t\t<div class=\"elementor-container elementor-column-gap-default\">\n\t\t\t\t\t<div class=\"elementor-column elementor-col-100 elementor-top-column elementor-element elementor-element-5a8cdcb\" data-id=\"5a8cdcb\" data-element_type=\"column\" data-e-type=\"column\">\n\t\t\t<div class=\"elementor-widget-wrap elementor-element-populated\">\n\t\t\t\t\t\t<div class=\"elementor-element elementor-element-3b499a4 elementor-widget elementor-widget-spacer\" data-id=\"3b499a4\" data-element_type=\"widget\" data-e-type=\"widget\" data-widget_type=\"spacer.default\">\n\t\t\t\t<div class=\"elementor-widget-container\">\n\t\t\t\t\t\t\t<div class=\"elementor-spacer\">\n\t\t\t<div class=\"elementor-spacer-inner\"><\/div>\n\t\t<\/div>\n\t\t\t\t\t\t<\/div>\n\t\t\t\t<\/div>\n\t\t\t\t<div class=\"elementor-element elementor-element-7deb14c elementor-widget elementor-widget-text-editor\" data-id=\"7deb14c\" data-element_type=\"widget\" data-e-type=\"widget\" data-widget_type=\"text-editor.default\">\n\t\t\t\t<div class=\"elementor-widget-container\">\n\t\t\t\t\t\t\t\t\t<div style=\"text-align: center;\"><strong>PROGRAMMATION et DIFFUSION<\/strong><\/div>\n<div>&nbsp;<\/div>\n<div>Apr\u00e8s ces 2 longues ann\u00e9es, NAGA Prod remet au centre de ses activit\u00e9s la programmation d&#8217;\u00e9v\u00e8nements culturels. Soucieuse de f\u00e9d\u00e9rer les publics et de favoriser la cr\u00e9ation de lien social, NAGA Prod s&#8217;est attach\u00e9e \u00e0 d\u00e9velopper la diffusion dans des lieux alternatifs et\/ou nouveaux de la r\u00e9gion.<\/div>\n<div><strong>NAGA Prod propose des programmations \u00e9clectiques adapt\u00e9es \u00e0 ses publics r\u00e9unissant des artistes professionnell.e.s locaux.ales et accorde une place importante aux artistes f\u00e9minines.<\/strong>&nbsp; (spectacles, contes musicaux, marionnettes, magie, conf\u00e9rences gesticul\u00e9es, concerts pop, rock, chanson fran\u00e7aise, jazz, world).<\/div>\t\t\t\t\t\t\t\t<\/div>\n\t\t\t\t<\/div>\n\t\t\t\t\t<\/div>\n\t\t<\/div>\n\t\t\t\t\t<\/div>\n\t\t<\/section>\n\t\t\t\t<\/div>\n\t\t","protected":false},"excerpt":{"rendered":"<p>PRODUCTION et CREATION \u00a0 Cette jeune et tr\u00e8s dynamique structure orl\u00e9anaise pr\u00e9sente diff\u00e9rents projets orient\u00e9s sur les musiques jazz et musique du monde avec une ouverture sur les autres disciplines artistiques.\u00a0 Elle s&#8217;associe \u00e0 diff\u00e9rents acteurs culturels pour aider \u00e0 la cr\u00e9ation et \u00e0 la direction artistique de projets de la R\u00e9gion Centre tels que&hellip; <a class=\"more-link\" href=\"https:\/\/nagaprod.com\/index.php\/presentation\/\">Continue reading <span class=\"screen-reader-text\">Pr\u00e9sentation<\/span><\/a><\/p>\n","protected":false},"author":1,"featured_media":0,"parent":0,"menu_order":0,"comment_status":"closed","ping_status":"closed","template":"","meta":{"om_disable_all_campaigns":false,"_monsterinsights_skip_tracking":false,"_monsterinsights_sitenote_active":false,"_monsterinsights_sitenote_note":"","_monsterinsights_sitenote_category":0,"footnotes":""},"class_list":["post-32","page","type-page","status-publish","hentry","entry"],"aioseo_notices":[],"_links":{"self":[{"href":"https:\/\/nagaprod.com\/index.php\/wp-json\/wp\/v2\/pages\/32","targetHints":{"allow":["GET"]}}],"collection":[{"href":"https:\/\/nagaprod.com\/index.php\/wp-json\/wp\/v2\/pages"}],"about":[{"href":"https:\/\/nagaprod.com\/index.php\/wp-json\/wp\/v2\/types\/page"}],"author":[{"embeddable":true,"href":"https:\/\/nagaprod.com\/index.php\/wp-json\/wp\/v2\/users\/1"}],"replies":[{"embeddable":true,"href":"https:\/\/nagaprod.com\/index.php\/wp-json\/wp\/v2\/comments?post=32"}],"version-history":[{"count":96,"href":"https:\/\/nagaprod.com\/index.php\/wp-json\/wp\/v2\/pages\/32\/revisions"}],"predecessor-version":[{"id":791,"href":"https:\/\/nagaprod.com\/index.php\/wp-json\/wp\/v2\/pages\/32\/revisions\/791"}],"wp:attachment":[{"href":"https:\/\/nagaprod.com\/index.php\/wp-json\/wp\/v2\/media?parent=32"}],"curies":[{"name":"wp","href":"https:\/\/api.w.org\/{rel}","templated":true}]}}