{"id":2,"date":"2021-10-28T16:25:44","date_gmt":"2021-10-28T14:25:44","guid":{"rendered":"http:\/\/nagaprod.com\/?page_id=2"},"modified":"2022-11-21T22:54:01","modified_gmt":"2022-11-21T21:54:01","slug":"page-d-exemple","status":"publish","type":"page","link":"https:\/\/nagaprod.com\/index.php\/page-d-exemple\/","title":{"rendered":"Actualit\u00e9s"},"content":{"rendered":"\t\t<div data-elementor-type=\"wp-page\" data-elementor-id=\"2\" class=\"elementor elementor-2\" data-elementor-post-type=\"page\">\n\t\t\t\t\t\t<section class=\"elementor-section elementor-top-section elementor-element elementor-element-6174354e elementor-section-boxed elementor-section-height-default elementor-section-height-default\" data-id=\"6174354e\" data-element_type=\"section\" data-e-type=\"section\">\n\t\t\t\t\t\t<div class=\"elementor-container elementor-column-gap-default\">\n\t\t\t\t\t<div class=\"elementor-column elementor-col-100 elementor-top-column elementor-element elementor-element-55e6c197\" data-id=\"55e6c197\" data-element_type=\"column\" data-e-type=\"column\">\n\t\t\t<div class=\"elementor-widget-wrap elementor-element-populated\">\n\t\t\t\t\t\t<div class=\"elementor-element elementor-element-6e392cca elementor-widget elementor-widget-text-editor\" data-id=\"6e392cca\" data-element_type=\"widget\" data-e-type=\"widget\" data-widget_type=\"text-editor.default\">\n\t\t\t\t<div class=\"elementor-widget-container\">\n\t\t\t\t\t\t\t\t\t<p><\/p>\n<figure class=\"wp-block-table\">\n<table>\n<tbody>\n<tr>\n<td><span style=\"color: #ff6600;\"><strong>L&#8217;HYPERACTIVIT\u00c9 DES DERNIERS MOIS&#8230;<\/strong><\/span><\/td>\n<\/tr>\n<\/tbody>\n<\/table>\n<\/figure>\n<p><\/p>\n<figure class=\"wp-block-table\">\n<table>\n<tbody>\n<tr>\n<td>\n<p><strong>NAGA Prod<\/strong> int\u00e8gre la FRACAMA! C&#8217;est avec une grande fiert\u00e9 qu&#8217;apr\u00e8s l&#8217;accompagnement du dispositif SODA, NAGA devient membre de la dynamique\u00a0<a href=\"https:\/\/nagaprod.us10.list-manage.com\/track\/click?u=68cd329c3456b43c525133714&amp;id=95e31b6fa3&amp;e=4b633e47db\" target=\"_blank\" rel=\"noreferrer noopener\"> F\u00e9d\u00e9ration R\u00e9gionale des Acteurs Culturels Associatifs Musiques Actuelles<\/a> dans le but de coop\u00e9rer activement \u00e0 la structuration de la fili\u00e8re sur le territoire, merci la f\u00e9d\u00e9! \ud83d\ude09<\/p>\n<\/td>\n<\/tr>\n<\/tbody>\n<\/table>\n<\/figure>\n<p><\/p>\n<figure class=\"wp-block-table\">\n<table>\n<tbody>\n<tr>\n<td>\n<h3><em><strong>* Cr\u00e9ation et production *<\/strong><\/em> \u00a0<\/h3>\n<\/td>\n<\/tr>\n<\/tbody>\n<\/table>\n<\/figure>\n<p><\/p>\n<table>\n<tbody>\n<tr>\n<td>\n<h4><strong><span class=\"has-inline-color\" style=\"color: #ff6600;\">NA\u00cfA<\/span><span class=\"has-inline-color\" style=\"color: #ff6600;\">D<\/span><\/strong><\/h4>\n<p>\u00a0<\/p>\n<p><img decoding=\"async\" src=\"https:\/\/ci6.googleusercontent.com\/proxy\/xPAG2R_YPpLXE4rJ1mFA7nE30n_bvaBpWRkzO-faczqhfPXY0FgneJ_v3jsYRGkl8oG6DYexaRZ8-Gy_q-935hW6Cmb8U4zk5lApVie0Kj8W_OXo-RuQVdOyosJ0fkHzJOdUqX6sT0_aCKNmYsl5B9f6SX515E-1LkOTiA=s0-d-e1-ft#https:\/\/mcusercontent.com\/68cd329c3456b43c525133714\/_compresseds\/ba7b0919-bc3a-4c88-a861-ea3358a0a3e3.jpg\" alt=\"\" width=\"264\" \/><\/p>\n<\/td>\n<\/tr>\n<\/tbody>\n<\/table>\n<p><\/p>\n<figure class=\"wp-block-table\">\n<table>\n<tbody>\n<tr>\n<td>Pour son lancement, <strong>NA\u00cfAD<\/strong>, cr\u00e9ation 2023 de <strong>NAGA Prod<\/strong> , est soutenue par de nombreux acteurs du territoire! \u00a0Pour ces soutiens et partenariats nous remercions la DRAC , Musique et Equilibre, la R\u00e9gion Centre Val de Loire,\u00a0 les Villes d&#8217;Orl\u00e9ans, St Jean de Braye, L&#8217;Alliage d&#8217;Olivet, la Maison de B\u00e9gon de Blois. Ce spectacle pictural qui a d\u00e9but\u00e9 ses toutes premi\u00e8res r\u00e9sidences, reprendra son travail de cr\u00e9ation \u00e0 la rentr\u00e9e 2022 pour une sortie d&#8217;album et de spectacle en MAI 2023 &#8211;\u00a0 Plus d&#8217;info sur <span style=\"text-decoration: underline; color: #666699;\"><strong><a style=\"color: #666699; text-decoration: underline;\" href=\"https:\/\/nagaprod.us10.list-manage.com\/track\/click?u=68cd329c3456b43c525133714&amp;id=3f1deed1bf&amp;e=4b633e47db\" target=\"_blank\" rel=\"noopener\">www.naiadmusic.com<\/a><\/strong><\/span><\/td>\n<\/tr>\n<\/tbody>\n<\/table>\n<\/figure>\n<p><\/p>\n<figure class=\"wp-block-table\">\n<table>\n<tbody>\n<tr>\n<td>\n<h4><strong><span style=\"color: #ff6600;\">\u00a0K-Ubik<\/span><\/strong><\/h4>\n<\/td>\n<\/tr>\n<\/tbody>\n<\/table>\n<\/figure>\n<p><\/p>\n<figure class=\"wp-block-table\">\n<table>\n<tbody>\n<tr>\n<td><img decoding=\"async\" src=\"https:\/\/ci3.googleusercontent.com\/proxy\/HTmv6Jr8JZviUt-PhE4NbomiGs83NnwAF3-Pg9HVswpbxO1snDYUOSKoEHW1FGepTqwDgAAr1GxFCVJEgm7puAQtWDC_6OoNx8k1epvpmO4f7eITBrRCBbo0CA76NxmZuEI7n5xRWRrVQv8a8JBU-h4Qd2cMxQ=s0-d-e1-ft#https:\/\/mcusercontent.com\/68cd329c3456b43c525133714\/images\/fa1384f7-a5f9-cf47-9558-bae3eaba6994.jpg\" alt=\"\" width=\"264\" \/><\/td>\n<\/tr>\n<\/tbody>\n<\/table>\n<\/figure>\n<p><\/p>\n<figure class=\"wp-block-table\">\n<table>\n<tbody>\n<tr>\n<td>Notre jeune quartet Jazz Fusion a sorti le 7 janvier 2022 son 1er album et clip r\u00e9alis\u00e9 par M\u00e9lodie Archambault gr\u00e2ce au soutien de Musique et Equilibre. Ce remarquable projet distribu\u00e9 par Inou\u00efe Distrib. a d\u00e9j\u00e0 \u00e9t\u00e9 chroniqu\u00e9 au national dans Jazz Magazine, La Gazette Bleue Action Jazz ainsi que dans Mag&#8217; Centre&#8230;Bravo la team!! Album disponible sur toutes les plateformes num\u00e9riques ainsi que chez Naga Prod et Musique et Equilibre <span style=\"text-decoration: underline; color: #666699;\"><strong><a style=\"color: #666699; text-decoration: underline;\" href=\"https:\/\/nagaprod.us10.list-manage.com\/track\/click?u=68cd329c3456b43c525133714&amp;id=f54f3c651f&amp;e=4b633e47db\" target=\"_blank\" rel=\"noopener\">Clip K-Ubik &#8211; Bleu Nuit<\/a><\/strong><\/span><\/td>\n<\/tr>\n<\/tbody>\n<\/table>\n<\/figure>\n<p><\/p>\n<figure class=\"wp-block-table\">\n<h4><span style=\"color: #ff6600;\"><strong>Chante pour lui<\/strong><\/span><\/h4>\n<p>\u00a0<\/p>\n<table>\n<tbody>\n<tr>\n<td><img decoding=\"async\" src=\"https:\/\/ci6.googleusercontent.com\/proxy\/0FJrn9bjYw1Sur0IUPbiiX37QI881wfYCi19od30yHx0_C9BHql1rOyccSuNLJ8sPClF2_VJhJTgQ1Sii9wg1w9lSo8zXTNcSB350eYidonziYO43nToDNBxb7mQUDHnfiq7YLgVOPaE9--HFWs3R3u0W7BErSV0PP757Q=s0-d-e1-ft#https:\/\/mcusercontent.com\/68cd329c3456b43c525133714\/_compresseds\/f2a61752-bbf6-f335-c52a-cac0114cc6f0.jpg\" alt=\"\" width=\"264\" \/><\/td>\n<\/tr>\n<\/tbody>\n<\/table>\n<\/figure>\n<p><\/p>\n<figure class=\"wp-block-table\">\n<table>\n<tbody>\n<tr>\n<td>La sortie de ce spectacle po\u00e9tique- cr\u00e9ation 2022 &#8211; co-produit par Becarre Production et la Ville de St Pierre des Corps a pu se faire, apr\u00e8s 1 an d&#8217;attente d\u00fb \u00e0 la pand\u00e9mie, au Centre Culturel de St Pierre des Corps et au Th\u00e9\u00e2tre G\u00e9rard Philipe dans le cadre du &#8216;Festival Enracinement D\u00e9racinement&#8217; . Cette cr\u00e9ation pluridisciplinaire alliant musique, arts visuels, corps et po\u00e9sie sera diffus\u00e9e en 2023: \/ 6 f\u00e9vrier 2023 &#8211; Saison Culturelle de St Jean de Braye \/ 24 mars 2023 &#8211; L&#8217;Unisson &#8211; Saison Culturelle de St Jean de la Ruelle (2 repr\u00e9sentations) \/ 31 mars 2023 &#8211; Festival Elles Au Centre , La Fabrique, Meung sur Loire<span style=\"text-decoration: underline; color: #666699;\"><strong> <a style=\"color: #666699; text-decoration: underline;\" href=\"https:\/\/nagaprod.us10.list-manage.com\/track\/click?u=68cd329c3456b43c525133714&amp;id=4a3107d6be&amp;e=4b633e47db\" target=\"_blank\" rel=\"noopener\">Teaser &#8216;Chante pour lui&#8217;<\/a> \u00a0<\/strong><\/span><\/td>\n<\/tr>\n<\/tbody>\n<\/table>\n<\/figure>\n<p><\/p>\n<figure class=\"wp-block-table\">\n<table>\n<tbody>\n<tr>\n<td>\n<h3><em><strong>* <\/strong><strong>Transmission\u00a0<\/strong><strong>*<\/strong><\/em><\/h3>\n<h6>\u00a0<\/h6>\n<h6>N\u0101ga Prod attache \u00e9galement une grande importance \u00e0 la transmission. Forte de l\u2019exp\u00e9rience de ses cr\u00e9ateurs et intervenants dans ce domaine, elle d\u00e9veloppe tout un volet p\u00e9dagogique.\u00a0 Dans le cadre de projets innovants, elle met en place des interventions p\u00e9dagogiques et de m\u00e9diation culturelle vari\u00e9es&#8230;<\/h6>\n<\/td>\n<\/tr>\n<\/tbody>\n<\/table>\n<\/figure>\n<p><\/p>\n<figure class=\"wp-block-table\">\n<table>\n<tbody>\n<tr>\n<td>\n<p style=\"text-align: left;\"><span style=\"color: #ff6600;\"><strong>WorkShop Hip Hop<\/strong> <\/span>organis\u00e9 par L&#8217;Astrolabe au Mus\u00e9e des Beaux Arts Durant 3 journ\u00e9es, nos jeunes artistes en herbes \u00e2g\u00e9s de 8 \u00e0 14 ans ont \u00e9t\u00e9 invit\u00e9s \u00e0 s\u2019inspirer de l&#8217;oeuvre du photographe orl\u00e9anais Malik Nejmi, &#8220;How to plant a dead tree, and where?&#8221; pour \u00e9crire et mettre en musique une cr\u00e9ation musicale avec nos 2 artistes professionnels Arthur Pierre et Georgia Hadjab avant de le pr\u00e9senter sur sc\u00e8ne! Une belle fa\u00e7on de laisser voguer son imagination en musique et de s\u2019initier au m\u00e9tier du spectacle. D\u00e9couvrez ci-dessous la restitution de cet \u00e9mouvant travail&#8230; <em>Un projet initi\u00e9 par l\u2019Astrolabe et coordonn\u00e9 par Julie Delannoy<\/em><\/p>\n<p><iframe title=\"Workshop Musique au Mus\u00e9e - Naga Prod et L&#039;Astrolabe 2021\" width=\"750\" height=\"422\" src=\"https:\/\/www.youtube.com\/embed\/9gcjohmWOAs?feature=oembed\" frameborder=\"0\" allow=\"accelerometer; autoplay; clipboard-write; encrypted-media; gyroscope; picture-in-picture\" allowfullscreen><\/iframe><\/p>\n<\/td>\n<\/tr>\n<\/tbody>\n<\/table>\n<\/figure>\n<p><\/p>\n<figure class=\"wp-block-table\">\n<table>\n<tbody>\n<tr>\n<td>\u00a0<\/td>\n<\/tr>\n<\/tbody>\n<\/table>\n<\/figure>\n<p><\/p>\n<figure class=\"wp-block-table\">\n<table>\n<tbody>\n<tr>\n<td>\n<p style=\"text-align: left;\"><span style=\"color: #ff6600;\"><strong>Projet p\u00e9dagogique CHANTE POUR LUI<\/strong><\/span><\/p>\n<p style=\"text-align: left;\">Dans le contexte de la cr\u00e9ation du spectacle \u2018Chante pour lui\u2019, alliant po\u00e9sie, musique et vid\u00e9o,\u00a0 les \u00e9l\u00e8ves de coll\u00e8ge d\u00e9couvrent l\u2019univers de la po\u00e9sie et plus particuli\u00e8rement celui du po\u00e8te Mahmoud Darwich. Apr\u00e8s une pr\u00e9sentation du contexte g\u00e9opolitique de l\u2019artiste, un travail sur la lecture dans les deux langues et l\u2019interpr\u00e9tation de po\u00e8mes s\u00e9lectionn\u00e9s, parmi ceux pr\u00e9sent\u00e9s dans le spectacle, est r\u00e9alis\u00e9. En collaboration avec les professeurs de fran\u00e7ais, de langues \u00e9trang\u00e8res et de musique du coll\u00e8ge Jacques Decour (St Pierre des Corps), les artistes sensibilisent les \u00e9l\u00e8ves \u00e0 la musicalit\u00e9 des langues et la mise en musique de po\u00e9sies. Les \u00e9l\u00e8ves ont eu \u00e0 r\u00e9aliser individuellement un tableau sc\u00e9nique de l&#8217;un des<br \/>textes du po\u00e8te \u00e9tudi\u00e9 pr\u00e9alablement. A partir d &#8216;\u00e9l\u00e9ments techniques (backline, lumi\u00e8res, vid\u00e9o &#8230;), artistiques (po\u00e8mes, instruments, d\u00e9placements) et d&#8217;un plan de sc\u00e8ne, chacun a su pr\u00e9senter et d\u00e9fendre une proposition artistique sc\u00e9nique pour illustrer son po\u00e8me et ainsi d\u00e9couvrir le milieu de la cr\u00e9ation de spectacle de l&#8217;int\u00e9rieur. Les \u00e9l\u00e8ves sont venus nombreux assister \u00e0 la cr\u00e9ation &#8216;Chante pour lui&#8217; le soir du 9 D\u00e9cembre 2021 au Centre Culturel de leur ville qu&#8217;ils d\u00e9couvraient pour la premi\u00e8re fois pour la plupart.<\/p>\n<\/td>\n<\/tr>\n<\/tbody>\n<\/table>\n<\/figure>\n<p><\/p>\n<figure class=\"wp-block-table\">\n<table>\n<tbody>\n<tr>\n<td><img decoding=\"async\" src=\"https:\/\/ci4.googleusercontent.com\/proxy\/DbFxWU6W-u-Is3r16Mot3cIUvXDRAReXG1zTDT61XTXbousu-JEOx4-ZvEYyFcvKnX2itQvD1Jg4RDuq_QJhFts4GuyVrGAV7OffDS5ydjxhmnhg-uTtialvVSQ_aUhjJ49oqXKAGTYBpxNLWpYxFrgYnDrtYg=s0-d-e1-ft#https:\/\/mcusercontent.com\/68cd329c3456b43c525133714\/images\/90e204ef-a125-4dda-bc42-8d45ac0c5312.jpg\" alt=\"\" width=\"327.12\" \/><\/td>\n<\/tr>\n<\/tbody>\n<\/table>\n<\/figure>\n<p><\/p>\n<figure class=\"wp-block-table\">\n<table>\n<tbody>\n<tr>\n<td>\u00a0<\/td>\n<\/tr>\n<\/tbody>\n<\/table>\n<\/figure>\n<p><\/p>\n<figure class=\"wp-block-table\">\n<table>\n<tbody>\n<tr>\n<td>\n<p style=\"text-align: left;\"><span style=\"color: #ff6600;\"><strong>Projet p\u00e9dagogique NAIAD<\/strong><\/span><\/p>\n<p style=\"text-align: left;\">L\u2019objectif est ici de permettre aux \u00e9l\u00e8ves d\u2019appr\u00e9hender des techniques cr\u00e9atives pour composer de la musique en groupe. Par le biais d\u2019outils simples, utilisant aussi bien des notions de formation musicale que des notions relevant de l\u2019oralit\u00e9, les \u00e9l\u00e8ves vont construire ensemble un morceau qui leur sera propre et ainsi rendre compte de l&#8217;importance de l&#8217;enrichissement par la diff\u00e9rence dans le processus de cr\u00e9ation.Cette intervention doit permettre de d\u00e9mystifier l\u2019acte cr\u00e9atif en le rendant accessible \u00e0 tous. Ces interventions qui ont d\u00e9but\u00e9 en mars dernier reprendront avec les \u00e9l\u00e8ves du\u00a0 Conservatoire de Saran en novembre 2023.<\/p>\n<p><iframe title=\"Action Culturelle - Festival Les Mosa\u00efques#6\" width=\"750\" height=\"422\" src=\"https:\/\/www.youtube.com\/embed\/NGkFigikaYY?feature=oembed\" frameborder=\"0\" allow=\"accelerometer; autoplay; clipboard-write; encrypted-media; gyroscope; picture-in-picture\" allowfullscreen><\/iframe><\/p>\n<\/td>\n<\/tr>\n<\/tbody>\n<\/table>\n<\/figure>\n<p><\/p>\n<figure class=\"wp-block-table\">\n<table>\n<tbody>\n<tr>\n<td>\u00a0<\/td>\n<\/tr>\n<\/tbody>\n<\/table>\n<\/figure>\n<p><\/p>\n<figure class=\"wp-block-table\">\n<table>\n<tbody>\n<tr>\n<td><img decoding=\"async\" src=\"https:\/\/ci3.googleusercontent.com\/proxy\/PJJixUb-FBL3PRsctoIOy-y9xvXJGF0MQa_o6wZEpkrKabyLM_Oalcf3sHT_YzxJUt8DD-ESq22NZew1szZ_aFqZtdUEXw8hxs1ytP1TtgoKkLH1bBEDsCeh_Cve9tVtNVaqJFrRGIeN1tvjfZhRcSAJTbvoMPOBWVMrYw=s0-d-e1-ft#https:\/\/mcusercontent.com\/68cd329c3456b43c525133714\/_compresseds\/37acf8ac-6ee5-5db4-e66f-eef734d83c15.jpg\" alt=\"\" width=\"264\" \/><\/td>\n<\/tr>\n<\/tbody>\n<\/table>\n<\/figure>\n<p><\/p>\n<figure class=\"wp-block-table\">\n<table>\n<tbody>\n<tr>\n<td style=\"text-align: left;\"><span style=\"color: #ff6600;\"><strong>Projet p\u00e9dagogique \u00e9cole alternative UPAYA<\/strong><\/span><br \/>L&#8217;\u00e9cole alternative UPAYA accorde une grande importance \u00e0 l&#8217;apprentissage culturel. C&#8217;est pourquoi son \u00e9quipe p\u00e9dagogique et les \u00e9l\u00e8ves ont \u00e9t\u00e9 enchant\u00e9s de recevoir 2 des musicien.ne.s du &#8216;Quartet Shadows and Light, hommage \u00e0 Joni Mitchel&#8217; afin d&#8217;\u00e9changer sur le m\u00e9tier de musicien. De beaux et authentiques \u00e9changes qui ont peut \u00eatre fait na\u00eetre quelques vocations!<\/td>\n<\/tr>\n<\/tbody>\n<\/table>\n<\/figure>\n<p><\/p>\n<figure class=\"wp-block-table\">\n<table>\n<tbody>\n<tr>\n<td>\n<h3><em><strong>* <\/strong><strong>Programmation et diffusion\u00a0<\/strong><strong>*<\/strong><\/em><\/h3>\n<h6>\u00a0<\/h6>\n<h6>Apr\u00e8s ces 2 longues ann\u00e9es, NAGA Prod remet au centre de ses activit\u00e9s la programmation d&#8217;\u00e9v\u00e8nements culturels. Soucieuse de f\u00e9d\u00e9rer les publics et de favoriser la cr\u00e9ation de lien social, NAGA Prod s&#8217;est attach\u00e9e \u00e0 d\u00e9velopper la diffusion dans des lieux alternatifs et\/ou nouveaux de la r\u00e9gion. \u00a0<\/h6>\n<\/td>\n<\/tr>\n<\/tbody>\n<\/table>\n<\/figure>\n<p><\/p>\n<figure class=\"wp-block-table\">\n<table>\n<tbody>\n<tr>\n<td><img decoding=\"async\" src=\"https:\/\/ci3.googleusercontent.com\/proxy\/kRwu1RIrEo_qYJuDfKL0P3ZB5G7KuLjNFwPOkPeawNVGJdO8ORon_Z9nWGRUON8jXEo-pjZFd_F8qEmmUVvZdkAqebl9UAvcNPQgqyV9lDO0raPARBAt1q4DZSWrWHuXq1SJ_rZxsI54Zq0sg9RsV2W4kZJtKQ=s0-d-e1-ft#https:\/\/mcusercontent.com\/68cd329c3456b43c525133714\/images\/862314cf-269d-e26d-2e1a-1a3c5b152cd5.jpg\" alt=\"\" width=\"264\" \/><\/td>\n<\/tr>\n<\/tbody>\n<\/table>\n<\/figure>\n<p><\/p>\n<figure class=\"wp-block-table\">\n<table>\n<tbody>\n<tr>\n<td style=\"text-align: left;\"><span style=\"color: #ff6600;\"><strong>Soir\u00e9e Musique au F\u00e9minin <\/strong><\/span><em>avec le collectif LF\u00e9SA Transition<\/em> Gr\u00e2ce au soutien du FONSAT, ces 2 structures ont pu organis\u00e9 une belle soir\u00e9e culturelle \u00e0 La Bergerie de la Petite Ferme (La Fert\u00e9 St Aubin) de\u00a0 mettant en avant la place des femmes dans la musique en y programmant la conf\u00e9rence gesticul\u00e9e de Julia Nivan &#8216;La Chianteuse&#8217; et le Quartet jazz Shadows and Light, Hommage \u00e0 Joni Mitchell. Ce bel \u00e9v\u00e9nement \u00e0 rassembler une soixantaine de spectateurs.trices, ravi.e.s de d\u00e9couvrir cette musique si peu mise en lumi\u00e8re en milieu rural et a permis de r\u00e9cr\u00e9er du lien gr\u00e2ce \u00e0 l&#8217;accueil chaleureux de la ferme et de la rencontre-ap\u00e9ro qui s&#8217;en est suivie.<\/td>\n<\/tr>\n<\/tbody>\n<\/table>\n<\/figure>\n<p><\/p>\n<figure class=\"wp-block-table\">\n<table>\n<tbody>\n<tr>\n<td><img decoding=\"async\" src=\"https:\/\/ci6.googleusercontent.com\/proxy\/7N1RmJ_evd3d8oenX7IHMfyhzKqCl3T92V4M4zxGEi-HUXpK6iRvS9_UoQZK8BkWwnGO14vGWHxJqkZYLOr3EtjTNcrhtqYhr5EW6sdCQEUHKEVNd_pGS7NHRyBRkfMrQU7OTZMw6b7S9I1nUGds06YdGXs9ugR7_5WWEQ=s0-d-e1-ft#https:\/\/mcusercontent.com\/68cd329c3456b43c525133714\/_compresseds\/f7308ea5-c657-6e3e-59be-9ce0b4bc08dc.jpg\" alt=\"\" width=\"264\" \/><\/td>\n<\/tr>\n<\/tbody>\n<\/table>\n<\/figure>\n<p><\/p>\n<figure class=\"wp-block-table\">\n<table>\n<tbody>\n<tr>\n<td style=\"text-align: left;\"><span style=\"color: #ff6600;\"><strong>Soir\u00e9e concert \u00e9cole alternative UPAYA<\/strong><\/span> Toujours gr\u00e2ce au soutien du FONSAT (merci le Cuip45!!), NAGA PRod a pu programmer, suite \u00e0 l&#8217;intervention p\u00e9dagogique de l&#8217;apr\u00e8s midi, le concert du Quartet jazz Shadows and Light, Hommage \u00e0 Joni Mitchell dans la yourte de l&#8217;\u00e9cole alternative de Dry. Les enfants et parents ont \u00e9t\u00e9 enchant\u00e9s par cette soir\u00e9e qui s&#8217;est prolong\u00e9e par une ap\u00e9ro dinatoire de partage avec les artistes. Un public non aguerri du jazz et qui a \u00e9t\u00e9 tr\u00e8s touch\u00e9 par cette d\u00e9couverte musicale&#8230;<\/td>\n<\/tr>\n<\/tbody>\n<\/table>\n<\/figure>\n<p><\/p>\n<figure class=\"wp-block-table\">\n<table>\n<tbody>\n<tr>\n<td><img decoding=\"async\" src=\"https:\/\/ci3.googleusercontent.com\/proxy\/P9nAti5eYJnupBlspd5BupF0yxGDj_DklPXsCpTJpedzsJkTHA6yUix1mFe9LgwFqlwv96dm-FtFuphDE1zBS2iiTau8dBHXeiFyLn2LykU8Hhg142WPBj0zRjZogpCqjZwXi9m34itNqCZt8IcKc4Pf6CR5uA=s0-d-e1-ft#https:\/\/mcusercontent.com\/68cd329c3456b43c525133714\/images\/6c7abfb8-d2a5-50dc-023c-9538d125d377.jpg\" alt=\"\" width=\"564\" \/><\/td>\n<\/tr>\n<\/tbody>\n<\/table>\n<\/figure>\n<p><\/p>\n<figure class=\"wp-block-table\">\n<table>\n<tbody>\n<tr>\n<td style=\"text-align: left;\"><span style=\"color: #ff6600;\"><strong>LES ESTIVALES DE LA PETITE BRASSE<\/strong><\/span> <em>avec la Piscine de L&#8217;Inox et du Poutyl<\/em> A l&#8217;initiative des piscines d&#8217;Olivet, NAGA Prod programme la 1\u00e8re \u00e9dition des Estivales de La Petite Brasse! Ce nouvel \u00e9v\u00e9nement a d\u00e9but\u00e9 le samedi 4 juin et s&#8217;est poursuivi de 19h \u00e0 21h chaque mercredi jusqu&#8217;au 31 ao\u00fbt. Naga Prod a concoct\u00e9 une programmation \u00e9clectique de qualit\u00e9 r\u00e9unissant une trentaine d&#8217;artistes professionnels et locaux laissant la part belle aux artistes f\u00e9minines. Conte musical, marionnette, magie et conf\u00e9rence gesticul\u00e9e alternant avec plusieurs concerts (pop, rock, chanson fran\u00e7aise, jazz, world). Tous ces spectacles \u00e9taient gratuits et destin\u00e9s \u00e0 un public familial! L&#8217;occasion de se retrouver dans ce beau parc public du Poutyl qui ne demandait qu&#8217;\u00e0 vivre durant toute la saison des beaux jours! \ud83d\ude09\u00a0<span style=\"text-decoration: underline; color: #666699;\"><strong>\u00a0<a style=\"color: #666699; text-decoration: underline;\" href=\"https:\/\/nagaprod.us10.list-manage.com\/track\/click?u=68cd329c3456b43c525133714&amp;id=343493b276&amp;e=4b633e47db\" target=\"_blank\" rel=\"noopener\">Les Estivales de la Petite Brasse &#8211; Olivet<\/a><\/strong><\/span><\/td>\n<\/tr>\n<\/tbody>\n<\/table>\n<\/figure>\n<p><\/p>\n<figure class=\"wp-block-table\">\n<table>\n<tbody>\n<tr>\n<td style=\"text-align: left;\">\n<h4 style=\"text-align: center;\"><span style=\"color: #ffffff;\"><em><strong>Merci&#8230;<\/strong><\/em> \u00a0<\/span><\/h4>\n<p>\u00a0<\/p>\n<p><span style=\"color: #ff6600;\"><strong>MERCI au super bureau qui compose Naga Prod<\/strong>&#8230;<\/span><\/p>\n<p>Estelle Goiset, notre ch\u00e8re pr\u00e9sidente!!! Une humaine au grand coeur qui \u00e9volue depuis toujours dans le milieu associatif et social et sait, \u00e0 elle seule, repr\u00e9senter toutes les valeurs \u00e9thiques de Naga Prod . David Barrier, notre secr\u00e9taire!!! Informaticien, m\u00e9lomane, musicien qui sait mieux que quiconque trier tous ces courriers! Sans oublier les autres membres du bureau May-Li Chan, David Ragobert et Samuel Haubois, merci \u00e0 vous!!! \u00a0<\/p>\n<p><strong><span style=\"color: #ff6600;\">Un tr\u00e8s grand MERCI aux soutiens et partenaires de NAGA Prod sur l&#8217;ann\u00e9e 2022-2023<\/span><\/strong><span style=\"color: #ff6600;\">:<\/span><\/p>\n<p>la DRAC, la R\u00e9gion Centre Val de Loire, Musique et \u00c9quilibre, les Villes d&#8217;Orl\u00e9ans et de St Jean de Braye, L&#8217;Alliage d&#8217;Olivet, L&#8217;Unisson de St Jean de La Ruelle, la Maison de B\u00e9gon de Blois, le festival Elles au Centre &#8211; Meung sur Loire, la FRACAMA, Yana\u00ef Lab, l&#8217;UCEM 45, les Conservatoires de Musique d&#8217;Olivet et de Saran, la Communaut\u00e9 de Commune Val de Sully, La Ruche en Sc\u00e8ne, Les Piscines de L&#8217;Inox et du Poutyl, La Petite Brasse, le FONSAT, LF\u00e9SA Transition, le 30 Boutiq, La Bergerie de la Petite Ferme, LDV R\u00e9ception, Zik&#8217;N Co&#8230; \u00a0<\/p>\n<p><span style=\"color: #ff6600;\"><strong>MERCI au formidables artistes et technicien.ne.s collaboratrices.eurs avec qui nous avons eu la chance de travailler cette ann\u00e9e<\/strong><\/span>,<\/p>\n<p>en esp\u00e9rant ne pas en oublier, nous avons nomm\u00e9 pour cette ann\u00e9e:<\/p>\n<p>Arthur Pierre, Georgia Hadjab, Alexis Sebileau, Victor Gourgeaud, C\u00e9cile Hurbault, Madeline D&#8217;Agostini, Anne Fraisse, Younes Bekraoui, Simon Laurent, Paula Dartigues, Mathieu Pion, Vincent Burille, M\u00e9lodie Archambault, David Georgelet, Fred Ferrand, Laure Borettaz, St\u00e9phanie Livio, Julia Nivan, Vincent Lemaire, Nicolas Vicquenault, Rolan Molinier, Emmanuel Seguin, Virginie Donnard, Camille M\u00e9chain, Pascal Barcos, Aim\u00e9e Leballeur, Daniel Prat, K\u00e9vin Dupont, Stig, Baptiste Dubreuil, Bruno Soulier, Claudine Clodelle,Serge Fourneret, Franck Sall\u00e9, Florie Dufour, Julien Chalmet, David Hazak, Alexandre Capelle, Philippe Capelle, J\u00e9r\u00f4me Damien, Lorie Gervais&#8230;<\/p>\n<\/td>\n<\/tr>\n<\/tbody>\n<\/table>\n<\/figure>\n<p><\/p>\n<figure class=\"wp-block-table\">\n<table>\n<tbody>\n<tr>\n<td><strong>Naga Prod prend son envol et \u00e7a va \u00eatre un beau voyage, on vous le promet!<\/strong> <strong>BONNE RENTREE ARTISTIQUE A TOU.TE.S!<\/strong><\/td>\n<\/tr>\n<\/tbody>\n<\/table>\n<\/figure>\n<p><\/p>\n<figure class=\"wp-block-table\">\n<table>\n<tbody>\n<tr>\n<td><span style=\"color: #ff6600;\"><strong>A venir&#8230;<\/strong><\/span><\/td>\n<\/tr>\n<\/tbody>\n<\/table>\n<\/figure>\n<p><\/p>\n<figure class=\"wp-block-table\">\n<table>\n<tbody>\n<tr>\n<td style=\"text-align: left;\"><span style=\"color: #666699;\"><strong><span style=\"text-decoration: underline;\"><a style=\"color: #666699; text-decoration: underline;\" href=\"https:\/\/nagaprod.us10.list-manage.com\/track\/click?u=68cd329c3456b43c525133714&amp;id=64c95576cd&amp;e=4b633e47db\" target=\"_blank\" rel=\"noopener\">Repr\u00e9sentations spectacle Chante pour lui<\/a><\/span><\/strong><\/span><br \/><span style=\"color: #666699;\"><strong><span style=\"text-decoration: underline;\">\u00a0<a style=\"color: #666699; text-decoration: underline;\" href=\"https:\/\/nagaprod.us10.list-manage.com\/track\/click?u=68cd329c3456b43c525133714&amp;id=f820253b17&amp;e=4b633e47db\" target=\"_blank\" rel=\"noopener\">Agenda de cr\u00e9ation et sortie du spectacle NAIAD<\/a><\/span><\/strong><\/span><\/td>\n<\/tr>\n<\/tbody>\n<\/table>\n<\/figure>\n<p><\/p>\n<p class=\"is-layout-flow wp-block-quote-is-layout-flow\">\u00a0<\/p>\n<p><\/p>\t\t\t\t\t\t\t\t<\/div>\n\t\t\t\t<\/div>\n\t\t\t\t\t<\/div>\n\t\t<\/div>\n\t\t\t\t\t<\/div>\n\t\t<\/section>\n\t\t\t\t<\/div>\n\t\t","protected":false},"excerpt":{"rendered":"<p>L&#8217;HYPERACTIVIT\u00c9 DES DERNIERS MOIS&#8230; NAGA Prod int\u00e8gre la FRACAMA! C&#8217;est avec une grande fiert\u00e9 qu&#8217;apr\u00e8s l&#8217;accompagnement du dispositif SODA, NAGA devient membre de la dynamique\u00a0 F\u00e9d\u00e9ration R\u00e9gionale des Acteurs Culturels Associatifs Musiques Actuelles dans le but de coop\u00e9rer activement \u00e0 la structuration de la fili\u00e8re sur le territoire, merci la f\u00e9d\u00e9! \ud83d\ude09 * Cr\u00e9ation et&hellip; <a class=\"more-link\" href=\"https:\/\/nagaprod.com\/index.php\/page-d-exemple\/\">Continue reading <span class=\"screen-reader-text\">Actualit\u00e9s<\/span><\/a><\/p>\n","protected":false},"author":1,"featured_media":0,"parent":0,"menu_order":0,"comment_status":"closed","ping_status":"open","template":"","meta":{"om_disable_all_campaigns":false,"_monsterinsights_skip_tracking":false,"_monsterinsights_sitenote_active":false,"_monsterinsights_sitenote_note":"","_monsterinsights_sitenote_category":0,"footnotes":""},"class_list":["post-2","page","type-page","status-publish","hentry","entry"],"aioseo_notices":[],"_links":{"self":[{"href":"https:\/\/nagaprod.com\/index.php\/wp-json\/wp\/v2\/pages\/2","targetHints":{"allow":["GET"]}}],"collection":[{"href":"https:\/\/nagaprod.com\/index.php\/wp-json\/wp\/v2\/pages"}],"about":[{"href":"https:\/\/nagaprod.com\/index.php\/wp-json\/wp\/v2\/types\/page"}],"author":[{"embeddable":true,"href":"https:\/\/nagaprod.com\/index.php\/wp-json\/wp\/v2\/users\/1"}],"replies":[{"embeddable":true,"href":"https:\/\/nagaprod.com\/index.php\/wp-json\/wp\/v2\/comments?post=2"}],"version-history":[{"count":73,"href":"https:\/\/nagaprod.com\/index.php\/wp-json\/wp\/v2\/pages\/2\/revisions"}],"predecessor-version":[{"id":768,"href":"https:\/\/nagaprod.com\/index.php\/wp-json\/wp\/v2\/pages\/2\/revisions\/768"}],"wp:attachment":[{"href":"https:\/\/nagaprod.com\/index.php\/wp-json\/wp\/v2\/media?parent=2"}],"curies":[{"name":"wp","href":"https:\/\/api.w.org\/{rel}","templated":true}]}}